{"id":9408,"date":"2025-11-17T19:20:54","date_gmt":"2025-11-17T19:20:54","guid":{"rendered":"https:\/\/siluettpood.ee\/?post_type=product&#038;p=9408"},"modified":"2025-11-17T19:20:54","modified_gmt":"2025-11-17T19:20:54","slug":"shirt-sally-poplin-3","status":"publish","type":"product","link":"https:\/\/siluettpood.ee\/et\/shirt-sally-poplin-3\/","title":{"rendered":"S\u00e4rk Sally Poplin"},"content":{"rendered":"<p>\u00dclisuurt\u00fcki s\u00e4rk Sally on mitmek\u00fclgne popliinist s\u00e4rk, mida saate h\u00f5lpsasti oma garderoobi lisada. Sellel on n\u00f6\u00f6pidega esiosa ja kleepuv krae. S\u00e4rk on alt \u00fcmardatud ja seljaosa on veidi pikem. Sobib ideaalselt igale s\u00fcndmusele alates ametlikust kuni vabaaja stiilis puhkuseni.<\/p>\n<p>\ud83d\udccf<strong>Istuvus - Oversize<\/strong><\/p>\n<div class=\"Rte\">\n<p dir=\"ltr\"><strong>\u2655Modelli pikkus 174 cm - kannab suurust XS\/S<\/strong><\/p>\n<\/div>","protected":false},"excerpt":{"rendered":"<p>MUULIN<\/p>","protected":false},"featured_media":9410,"template":"","meta":[],"product_brand":[],"product_cat":[59,103,102,42],"product_tag":[],"giftcard-category":[],"class_list":{"0":"post-9408","1":"product","2":"type-product","3":"status-publish","4":"has-post-thumbnail","6":"product_cat-clothing","7":"product_cat-muulin-2","8":"product_cat-shirts","9":"product_cat-women","11":"first","12":"instock","13":"shipping-taxable","14":"purchasable","15":"product-type-variable","16":"layout-style-6","17":"col-md-4 col-sm-4 col-xs-6","18":"col-lg-3","19":"product-has-gallery","20":"product-style-default"},"gallery_images":[9411],"_links":{"self":[{"href":"https:\/\/siluettpood.ee\/et\/wp-json\/wp\/v2\/product\/9408","targetHints":{"allow":["GET"]}}],"collection":[{"href":"https:\/\/siluettpood.ee\/et\/wp-json\/wp\/v2\/product"}],"about":[{"href":"https:\/\/siluettpood.ee\/et\/wp-json\/wp\/v2\/types\/product"}],"version-history":[{"count":0,"href":"https:\/\/siluettpood.ee\/et\/wp-json\/wp\/v2\/product\/9408\/revisions"}],"wp:featuredmedia":[{"embeddable":true,"href":"https:\/\/siluettpood.ee\/et\/wp-json\/wp\/v2\/media\/9410"}],"wp:attachment":[{"href":"https:\/\/siluettpood.ee\/et\/wp-json\/wp\/v2\/media?parent=9408"}],"wp:term":[{"taxonomy":"product_brand","embeddable":true,"href":"https:\/\/siluettpood.ee\/et\/wp-json\/wp\/v2\/product_brand?post=9408"},{"taxonomy":"product_cat","embeddable":true,"href":"https:\/\/siluettpood.ee\/et\/wp-json\/wp\/v2\/product_cat?post=9408"},{"taxonomy":"product_tag","embeddable":true,"href":"https:\/\/siluettpood.ee\/et\/wp-json\/wp\/v2\/product_tag?post=9408"},{"taxonomy":"giftcard-category","embeddable":true,"href":"https:\/\/siluettpood.ee\/et\/wp-json\/wp\/v2\/giftcard-category?post=9408"}],"curies":[{"name":"wp","href":"https:\/\/api.w.org\/{rel}","templated":true}]}}