{"id":9413,"date":"2025-11-17T19:30:27","date_gmt":"2025-11-17T19:30:27","guid":{"rendered":"https:\/\/siluettpood.ee\/?post_type=product&#038;p=9413"},"modified":"2025-11-17T19:30:27","modified_gmt":"2025-11-17T19:30:27","slug":"striped-jacket-tracy","status":"publish","type":"product","link":"https:\/\/siluettpood.ee\/et\/striped-jacket-tracy\/","title":{"rendered":"Triibuline jakk Tracy"},"content":{"rendered":"<p>Stiilne puuvillane pintsak sirge l\u00f5ikega ja oversize siluetiga. Pintsaku k\u00fclgedel on l\u00f5hikud, ees \u00fcks n\u00f6\u00f6p, kaks klapiga taskut ning viskoosvooder tagab mugavuse kandmisel. Sobib suurep\u00e4raselt nii igap\u00e4evaseks kandmiseks kui ka pidulikumaks puhuks.<\/p>\n<p>\ud83d\udccf<strong>Istuvus - Oversize<\/strong><\/p>\n<div class=\"Rte\">\n<p dir=\"ltr\"><strong>\u2655Modelli pikkus 175cm, kannab suurust S<\/strong><\/p>\n<\/div>","protected":false},"excerpt":{"rendered":"<p>MUULIN<\/p>","protected":false},"featured_media":9414,"template":"","meta":[],"product_brand":[],"product_cat":[59,61,103,42],"product_tag":[],"giftcard-category":[],"class_list":{"0":"post-9413","1":"product","2":"type-product","3":"status-publish","4":"has-post-thumbnail","6":"product_cat-clothing","7":"product_cat-jackets","8":"product_cat-muulin-2","9":"product_cat-women","11":"first","12":"instock","13":"shipping-taxable","14":"purchasable","15":"product-type-variable","16":"layout-style-6","17":"col-md-4 col-sm-4 col-xs-6","18":"col-lg-3","19":"product-has-gallery","20":"product-style-default"},"gallery_images":[9415],"_links":{"self":[{"href":"https:\/\/siluettpood.ee\/et\/wp-json\/wp\/v2\/product\/9413","targetHints":{"allow":["GET"]}}],"collection":[{"href":"https:\/\/siluettpood.ee\/et\/wp-json\/wp\/v2\/product"}],"about":[{"href":"https:\/\/siluettpood.ee\/et\/wp-json\/wp\/v2\/types\/product"}],"version-history":[{"count":0,"href":"https:\/\/siluettpood.ee\/et\/wp-json\/wp\/v2\/product\/9413\/revisions"}],"wp:featuredmedia":[{"embeddable":true,"href":"https:\/\/siluettpood.ee\/et\/wp-json\/wp\/v2\/media\/9414"}],"wp:attachment":[{"href":"https:\/\/siluettpood.ee\/et\/wp-json\/wp\/v2\/media?parent=9413"}],"wp:term":[{"taxonomy":"product_brand","embeddable":true,"href":"https:\/\/siluettpood.ee\/et\/wp-json\/wp\/v2\/product_brand?post=9413"},{"taxonomy":"product_cat","embeddable":true,"href":"https:\/\/siluettpood.ee\/et\/wp-json\/wp\/v2\/product_cat?post=9413"},{"taxonomy":"product_tag","embeddable":true,"href":"https:\/\/siluettpood.ee\/et\/wp-json\/wp\/v2\/product_tag?post=9413"},{"taxonomy":"giftcard-category","embeddable":true,"href":"https:\/\/siluettpood.ee\/et\/wp-json\/wp\/v2\/giftcard-category?post=9413"}],"curies":[{"name":"wp","href":"https:\/\/api.w.org\/{rel}","templated":true}]}}