{"id":9417,"date":"2025-11-17T19:37:30","date_gmt":"2025-11-17T19:37:30","guid":{"rendered":"https:\/\/siluettpood.ee\/?post_type=product&#038;p=9417"},"modified":"2025-11-17T19:37:30","modified_gmt":"2025-11-17T19:37:30","slug":"wool-jacket-adeline","status":"publish","type":"product","link":"https:\/\/siluettpood.ee\/et\/wool-jacket-adeline\/","title":{"rendered":"Villane Pintsak Adeline"},"content":{"rendered":"<p>The<em>\u00a0<\/em>Adeline pintsak on valmistatud villast ning sellel on oversize l\u00f5ige. Klassikalised rev\u00e4\u00e4rid ja kolm esin\u00f6\u00f6pi annavad ajatule l\u00f5ikusele kaasaegse ilme. Klapiga taskud ja pehme struktuur loovad elegantse ja mugava \u00fcldmulje.<\/p>\n<p>\ud83d\udccf<strong>Istuvus - Oversize<\/strong><\/p>\n<p><strong>\u2655Modelli pikkus 175cm, kannab suurust S<\/strong><\/p>","protected":false},"excerpt":{"rendered":"<p>MUULIN<\/p>","protected":false},"featured_media":9418,"template":"","meta":[],"product_brand":[],"product_cat":[59,61,103,42],"product_tag":[],"giftcard-category":[],"class_list":{"0":"post-9417","1":"product","2":"type-product","3":"status-publish","4":"has-post-thumbnail","6":"product_cat-clothing","7":"product_cat-jackets","8":"product_cat-muulin-2","9":"product_cat-women","11":"first","12":"instock","13":"shipping-taxable","14":"purchasable","15":"product-type-variable","16":"layout-style-6","17":"col-md-4 col-sm-4 col-xs-6","18":"col-lg-3","19":"product-has-gallery","20":"product-style-default"},"gallery_images":[9419],"_links":{"self":[{"href":"https:\/\/siluettpood.ee\/et\/wp-json\/wp\/v2\/product\/9417","targetHints":{"allow":["GET"]}}],"collection":[{"href":"https:\/\/siluettpood.ee\/et\/wp-json\/wp\/v2\/product"}],"about":[{"href":"https:\/\/siluettpood.ee\/et\/wp-json\/wp\/v2\/types\/product"}],"version-history":[{"count":1,"href":"https:\/\/siluettpood.ee\/et\/wp-json\/wp\/v2\/product\/9417\/revisions"}],"predecessor-version":[{"id":9421,"href":"https:\/\/siluettpood.ee\/et\/wp-json\/wp\/v2\/product\/9417\/revisions\/9421"}],"wp:featuredmedia":[{"embeddable":true,"href":"https:\/\/siluettpood.ee\/et\/wp-json\/wp\/v2\/media\/9418"}],"wp:attachment":[{"href":"https:\/\/siluettpood.ee\/et\/wp-json\/wp\/v2\/media?parent=9417"}],"wp:term":[{"taxonomy":"product_brand","embeddable":true,"href":"https:\/\/siluettpood.ee\/et\/wp-json\/wp\/v2\/product_brand?post=9417"},{"taxonomy":"product_cat","embeddable":true,"href":"https:\/\/siluettpood.ee\/et\/wp-json\/wp\/v2\/product_cat?post=9417"},{"taxonomy":"product_tag","embeddable":true,"href":"https:\/\/siluettpood.ee\/et\/wp-json\/wp\/v2\/product_tag?post=9417"},{"taxonomy":"giftcard-category","embeddable":true,"href":"https:\/\/siluettpood.ee\/et\/wp-json\/wp\/v2\/giftcard-category?post=9417"}],"curies":[{"name":"wp","href":"https:\/\/api.w.org\/{rel}","templated":true}]}}