{"id":9422,"date":"2025-11-18T14:10:25","date_gmt":"2025-11-18T14:10:25","guid":{"rendered":"https:\/\/siluettpood.ee\/?post_type=product&#038;p=9422"},"modified":"2025-11-22T14:15:42","modified_gmt":"2025-11-22T14:15:42","slug":"tencel-pants-andre","status":"publish","type":"product","link":"https:\/\/siluettpood.ee\/et\/tencel-pants-andre\/","title":{"rendered":"Tencel P\u00fcksid Andre"},"content":{"rendered":"<p>Tutvustame Andre p\u00fckse, mis on laia jalaosaga igap\u00e4evane valik teadlikule naisele. Esiosa on varustatud luku ja kahe n\u00f6\u00f6biga ning p\u00fckstel on kaks k\u00fcljetaskut. Veidi elastne v\u00f6\u00f6koht lisab ekstra mugavust ja kangas on pehme ning nahas\u00f5bralik.<\/p>\n<div class=\"Rte\">\n<p dir=\"ltr\">\ud83d\udccf<strong>Istuvus - Vaba<\/strong><\/p>\n<div class=\"Rte\">\n<p dir=\"ltr\"><strong>\u2655Modelli pikkus 175 cm - kannab suurust S<\/strong><\/p>\n<\/div>\n<\/div>","protected":false},"excerpt":{"rendered":"<p>MUULIN<\/p>","protected":false},"featured_media":9423,"template":"","meta":[],"product_brand":[],"product_cat":[59,103,64,42],"product_tag":[],"giftcard-category":[],"class_list":{"0":"post-9422","1":"product","2":"type-product","3":"status-publish","4":"has-post-thumbnail","6":"product_cat-clothing","7":"product_cat-muulin-2","8":"product_cat-pants","9":"product_cat-women","11":"first","12":"instock","13":"shipping-taxable","14":"purchasable","15":"product-type-variable","16":"layout-style-6","17":"col-md-4 col-sm-4 col-xs-6","18":"col-lg-3","19":"product-has-gallery","20":"product-style-default"},"gallery_images":[9424],"_links":{"self":[{"href":"https:\/\/siluettpood.ee\/et\/wp-json\/wp\/v2\/product\/9422","targetHints":{"allow":["GET"]}}],"collection":[{"href":"https:\/\/siluettpood.ee\/et\/wp-json\/wp\/v2\/product"}],"about":[{"href":"https:\/\/siluettpood.ee\/et\/wp-json\/wp\/v2\/types\/product"}],"version-history":[{"count":0,"href":"https:\/\/siluettpood.ee\/et\/wp-json\/wp\/v2\/product\/9422\/revisions"}],"wp:featuredmedia":[{"embeddable":true,"href":"https:\/\/siluettpood.ee\/et\/wp-json\/wp\/v2\/media\/9423"}],"wp:attachment":[{"href":"https:\/\/siluettpood.ee\/et\/wp-json\/wp\/v2\/media?parent=9422"}],"wp:term":[{"taxonomy":"product_brand","embeddable":true,"href":"https:\/\/siluettpood.ee\/et\/wp-json\/wp\/v2\/product_brand?post=9422"},{"taxonomy":"product_cat","embeddable":true,"href":"https:\/\/siluettpood.ee\/et\/wp-json\/wp\/v2\/product_cat?post=9422"},{"taxonomy":"product_tag","embeddable":true,"href":"https:\/\/siluettpood.ee\/et\/wp-json\/wp\/v2\/product_tag?post=9422"},{"taxonomy":"giftcard-category","embeddable":true,"href":"https:\/\/siluettpood.ee\/et\/wp-json\/wp\/v2\/giftcard-category?post=9422"}],"curies":[{"name":"wp","href":"https:\/\/api.w.org\/{rel}","templated":true}]}}