{"id":9427,"date":"2025-11-18T15:01:27","date_gmt":"2025-11-18T15:01:27","guid":{"rendered":"https:\/\/siluettpood.ee\/?post_type=product&#038;p=9427"},"modified":"2025-11-18T15:01:27","modified_gmt":"2025-11-18T15:01:27","slug":"wool-pants-agnes","status":"publish","type":"product","link":"https:\/\/siluettpood.ee\/et\/wool-pants-agnes\/","title":{"rendered":"Villased P\u00fcksid Agnes"},"content":{"rendered":"<p>Agnes p\u00fcksid  on laia jalaosaga igap\u00e4evane valik teadlikule naisele. Esiosa on varustatud luku ja kahe n\u00f6\u00f6biga ning p\u00fckstel on kaks k\u00fcljetaskut. Veidi elastne v\u00f6\u00f6koht lisab ekstra mugavust ja kangas on pehme ning nahas\u00f5bralik. Minimalistlik disain annab sulle v\u00f5imaluse erinevaid r\u00f5ivaid omavahel sobitada.<\/p>\n<div class=\"Rte\">\n<p dir=\"ltr\">\ud83d\udccf<strong>Istuvus - Vaba<\/strong><\/p>\n<div class=\"Rte\">\n<p dir=\"ltr\"><strong>\u2655Modelli pikkus 175 cm - kannab suurust S<\/strong><\/p>\n<\/div>\n<\/div>","protected":false},"excerpt":{"rendered":"<p>MUULIN<\/p>","protected":false},"featured_media":9428,"template":"","meta":[],"product_brand":[],"product_cat":[59,103,64,42],"product_tag":[],"giftcard-category":[],"class_list":{"0":"post-9427","1":"product","2":"type-product","3":"status-publish","4":"has-post-thumbnail","6":"product_cat-clothing","7":"product_cat-muulin-2","8":"product_cat-pants","9":"product_cat-women","11":"first","12":"instock","13":"shipping-taxable","14":"purchasable","15":"product-type-variable","16":"layout-style-6","17":"col-md-4 col-sm-4 col-xs-6","18":"col-lg-3","19":"product-has-gallery","20":"product-style-default"},"gallery_images":[9429],"_links":{"self":[{"href":"https:\/\/siluettpood.ee\/et\/wp-json\/wp\/v2\/product\/9427","targetHints":{"allow":["GET"]}}],"collection":[{"href":"https:\/\/siluettpood.ee\/et\/wp-json\/wp\/v2\/product"}],"about":[{"href":"https:\/\/siluettpood.ee\/et\/wp-json\/wp\/v2\/types\/product"}],"version-history":[{"count":0,"href":"https:\/\/siluettpood.ee\/et\/wp-json\/wp\/v2\/product\/9427\/revisions"}],"wp:featuredmedia":[{"embeddable":true,"href":"https:\/\/siluettpood.ee\/et\/wp-json\/wp\/v2\/media\/9428"}],"wp:attachment":[{"href":"https:\/\/siluettpood.ee\/et\/wp-json\/wp\/v2\/media?parent=9427"}],"wp:term":[{"taxonomy":"product_brand","embeddable":true,"href":"https:\/\/siluettpood.ee\/et\/wp-json\/wp\/v2\/product_brand?post=9427"},{"taxonomy":"product_cat","embeddable":true,"href":"https:\/\/siluettpood.ee\/et\/wp-json\/wp\/v2\/product_cat?post=9427"},{"taxonomy":"product_tag","embeddable":true,"href":"https:\/\/siluettpood.ee\/et\/wp-json\/wp\/v2\/product_tag?post=9427"},{"taxonomy":"giftcard-category","embeddable":true,"href":"https:\/\/siluettpood.ee\/et\/wp-json\/wp\/v2\/giftcard-category?post=9427"}],"curies":[{"name":"wp","href":"https:\/\/api.w.org\/{rel}","templated":true}]}}