{"id":9432,"date":"2025-11-18T17:55:03","date_gmt":"2025-11-18T17:55:03","guid":{"rendered":"https:\/\/siluettpood.ee\/?post_type=product&#038;p=9432"},"modified":"2025-12-17T11:57:28","modified_gmt":"2025-12-17T09:57:28","slug":"jacket-adele","status":"publish","type":"product","link":"https:\/\/siluettpood.ee\/et\/jacket-adele\/","title":{"rendered":"Pintsak Adele"},"content":{"rendered":"<p>Pintsak Adele on tehtud villasest kalasaba flanellkangast, mis kandmisel aina rohkem voolib end keha j\u00e4rgi, pakub mugavust ja laseb kehal hingata. R\u00e4tsepa kvaliteet, klassikaline krae, kolm n\u00f6\u00f6pi ees, kaks taskut, vaba l\u00f5ige. Pintsaku vooder on naturaalsest viskoosist, mis on siidjalt pehme naha vastas. Universaalne baastoode sinu riidekappi, toetamaks sinu unikaalsust ja stiili.<\/p>\n<p>\ud83d\udccf<strong>Istuvus - Oversize<\/strong><\/p>\n<p><strong>Modelli pikkus 175cm, kannab suurust XS\/S<\/strong><\/p>","protected":false},"excerpt":{"rendered":"<p>MUULIN<\/p>","protected":false},"featured_media":9433,"template":"","meta":[],"product_brand":[],"product_cat":[59,61,103,42],"product_tag":[],"giftcard-category":[],"class_list":{"0":"post-9432","1":"product","2":"type-product","3":"status-publish","4":"has-post-thumbnail","6":"product_cat-clothing","7":"product_cat-jackets","8":"product_cat-muulin-2","9":"product_cat-women","11":"first","12":"instock","13":"shipping-taxable","14":"purchasable","15":"product-type-variable","16":"layout-style-6","17":"col-md-4 col-sm-4 col-xs-6","18":"col-lg-3","19":"product-has-gallery","20":"product-style-default"},"gallery_images":[9434],"_links":{"self":[{"href":"https:\/\/siluettpood.ee\/et\/wp-json\/wp\/v2\/product\/9432","targetHints":{"allow":["GET"]}}],"collection":[{"href":"https:\/\/siluettpood.ee\/et\/wp-json\/wp\/v2\/product"}],"about":[{"href":"https:\/\/siluettpood.ee\/et\/wp-json\/wp\/v2\/types\/product"}],"version-history":[{"count":2,"href":"https:\/\/siluettpood.ee\/et\/wp-json\/wp\/v2\/product\/9432\/revisions"}],"predecessor-version":[{"id":10056,"href":"https:\/\/siluettpood.ee\/et\/wp-json\/wp\/v2\/product\/9432\/revisions\/10056"}],"wp:featuredmedia":[{"embeddable":true,"href":"https:\/\/siluettpood.ee\/et\/wp-json\/wp\/v2\/media\/9433"}],"wp:attachment":[{"href":"https:\/\/siluettpood.ee\/et\/wp-json\/wp\/v2\/media?parent=9432"}],"wp:term":[{"taxonomy":"product_brand","embeddable":true,"href":"https:\/\/siluettpood.ee\/et\/wp-json\/wp\/v2\/product_brand?post=9432"},{"taxonomy":"product_cat","embeddable":true,"href":"https:\/\/siluettpood.ee\/et\/wp-json\/wp\/v2\/product_cat?post=9432"},{"taxonomy":"product_tag","embeddable":true,"href":"https:\/\/siluettpood.ee\/et\/wp-json\/wp\/v2\/product_tag?post=9432"},{"taxonomy":"giftcard-category","embeddable":true,"href":"https:\/\/siluettpood.ee\/et\/wp-json\/wp\/v2\/giftcard-category?post=9432"}],"curies":[{"name":"wp","href":"https:\/\/api.w.org\/{rel}","templated":true}]}}