{"id":9443,"date":"2025-11-19T17:11:57","date_gmt":"2025-11-19T17:11:57","guid":{"rendered":"https:\/\/siluettpood.ee\/?post_type=product&#038;p=9443"},"modified":"2025-11-19T17:11:57","modified_gmt":"2025-11-19T17:11:57","slug":"mohair-skirt-molly-midi","status":"publish","type":"product","link":"https:\/\/siluettpood.ee\/et\/mohair-skirt-molly-midi\/","title":{"rendered":"Moh\u00e4\u00e4rist seelik Molly - midi"},"content":{"rendered":"<p class=\"translation-block\">Eksklusiivsest Jaapani siidmoh\u00e4\u00e4rist kootud imepehme ja kerge Molly seelik on ideaalne valik ka k\u00f5ige tundlikuma nahaga inimesele. \u00c4\u00e4rmiselt naiselik seelik, mis sobitub ideaalselt meie Molly kampsuniga. Tegemist on midi pikkuses seelikuga, mis on alt laienev. Kudumi v\u00e4rvlis on kumm ja \u00f5mblused on v\u00e4ljaspool.<\/p>\n<p>Disainitud ja k\u00e4sitsi kootud Eestis, Saaremaal.<\/p>\n<p class=\"translation-block\">Materjal: 65% moh\u00e4\u00e4r, 35% siid<\/p>","protected":false},"excerpt":{"rendered":"<p>\u00c4RNI BLUM<\/p>","protected":false},"featured_media":9444,"template":"","meta":[],"product_brand":[],"product_cat":[77,59,63,42],"product_tag":[],"giftcard-category":[],"class_list":{"0":"post-9443","1":"product","2":"type-product","3":"status-publish","4":"has-post-thumbnail","6":"product_cat-arni-blum-4","7":"product_cat-clothing","8":"product_cat-skirts","9":"product_cat-women","11":"first","12":"instock","13":"shipping-taxable","14":"purchasable","15":"product-type-variable","16":"layout-style-6","17":"col-md-4 col-sm-4 col-xs-6","18":"col-lg-3","19":"product-has-gallery","20":"product-style-default"},"gallery_images":[9445],"_links":{"self":[{"href":"https:\/\/siluettpood.ee\/et\/wp-json\/wp\/v2\/product\/9443","targetHints":{"allow":["GET"]}}],"collection":[{"href":"https:\/\/siluettpood.ee\/et\/wp-json\/wp\/v2\/product"}],"about":[{"href":"https:\/\/siluettpood.ee\/et\/wp-json\/wp\/v2\/types\/product"}],"version-history":[{"count":0,"href":"https:\/\/siluettpood.ee\/et\/wp-json\/wp\/v2\/product\/9443\/revisions"}],"wp:featuredmedia":[{"embeddable":true,"href":"https:\/\/siluettpood.ee\/et\/wp-json\/wp\/v2\/media\/9444"}],"wp:attachment":[{"href":"https:\/\/siluettpood.ee\/et\/wp-json\/wp\/v2\/media?parent=9443"}],"wp:term":[{"taxonomy":"product_brand","embeddable":true,"href":"https:\/\/siluettpood.ee\/et\/wp-json\/wp\/v2\/product_brand?post=9443"},{"taxonomy":"product_cat","embeddable":true,"href":"https:\/\/siluettpood.ee\/et\/wp-json\/wp\/v2\/product_cat?post=9443"},{"taxonomy":"product_tag","embeddable":true,"href":"https:\/\/siluettpood.ee\/et\/wp-json\/wp\/v2\/product_tag?post=9443"},{"taxonomy":"giftcard-category","embeddable":true,"href":"https:\/\/siluettpood.ee\/et\/wp-json\/wp\/v2\/giftcard-category?post=9443"}],"curies":[{"name":"wp","href":"https:\/\/api.w.org\/{rel}","templated":true}]}}