{"id":9449,"date":"2025-11-21T14:53:35","date_gmt":"2025-11-21T14:53:35","guid":{"rendered":"https:\/\/siluettpood.ee\/?post_type=product&#038;p=9449"},"modified":"2025-11-21T14:53:36","modified_gmt":"2025-11-21T14:53:36","slug":"molly-mohair-cardigan","status":"publish","type":"product","link":"https:\/\/siluettpood.ee\/et\/molly-mohair-cardigan\/","title":{"rendered":"Molly moh\u00e4\u00e4rist kardigan"},"content":{"rendered":"<p>Eksklusiivsest Jaapani siidmoh\u00e4\u00e4rist kootud imepehme ja kerge Molly kardigan on ideaalne valik ka k\u00f5ige tundlikuma nahaga inimesele. Naiseliku ja klassikalise l\u00f5ikega kardigan igaks elujuhtumiks. P\u00f5nevust lisavad rinnale k\u00e4sitsi tikitud \u00c4rni s\u00fcmbol, v\u00e4ljapoole keeratud \u00f5mblused ja poolkuukujulised vol\u00fc\u00fcmikad k\u00e4ised, mille otstel pisikesed l\u00f5hikud.<\/p>\n<p>Disainitud ja k\u00e4sitsi kootud Eestis, Saaremaal.<\/p>\n<p class=\"translation-block\">Materjal: 65% moh\u00e4\u00e4r, 35% siid<\/p>","protected":false},"excerpt":{"rendered":"<p>\u00c4RNI BLUM<\/p>","protected":false},"featured_media":9450,"template":"","meta":[],"product_brand":[],"product_cat":[77,59,140,42],"product_tag":[],"giftcard-category":[],"class_list":{"0":"post-9449","1":"product","2":"type-product","3":"status-publish","4":"has-post-thumbnail","6":"product_cat-arni-blum-4","7":"product_cat-clothing","8":"product_cat-kardigan","9":"product_cat-women","11":"first","12":"instock","13":"shipping-taxable","14":"purchasable","15":"product-type-variable","16":"layout-style-6","17":"col-md-4 col-sm-4 col-xs-6","18":"col-lg-3","19":"product-has-gallery","20":"product-style-default"},"gallery_images":[9451],"_links":{"self":[{"href":"https:\/\/siluettpood.ee\/et\/wp-json\/wp\/v2\/product\/9449","targetHints":{"allow":["GET"]}}],"collection":[{"href":"https:\/\/siluettpood.ee\/et\/wp-json\/wp\/v2\/product"}],"about":[{"href":"https:\/\/siluettpood.ee\/et\/wp-json\/wp\/v2\/types\/product"}],"version-history":[{"count":0,"href":"https:\/\/siluettpood.ee\/et\/wp-json\/wp\/v2\/product\/9449\/revisions"}],"wp:featuredmedia":[{"embeddable":true,"href":"https:\/\/siluettpood.ee\/et\/wp-json\/wp\/v2\/media\/9450"}],"wp:attachment":[{"href":"https:\/\/siluettpood.ee\/et\/wp-json\/wp\/v2\/media?parent=9449"}],"wp:term":[{"taxonomy":"product_brand","embeddable":true,"href":"https:\/\/siluettpood.ee\/et\/wp-json\/wp\/v2\/product_brand?post=9449"},{"taxonomy":"product_cat","embeddable":true,"href":"https:\/\/siluettpood.ee\/et\/wp-json\/wp\/v2\/product_cat?post=9449"},{"taxonomy":"product_tag","embeddable":true,"href":"https:\/\/siluettpood.ee\/et\/wp-json\/wp\/v2\/product_tag?post=9449"},{"taxonomy":"giftcard-category","embeddable":true,"href":"https:\/\/siluettpood.ee\/et\/wp-json\/wp\/v2\/giftcard-category?post=9449"}],"curies":[{"name":"wp","href":"https:\/\/api.w.org\/{rel}","templated":true}]}}