{"id":9457,"date":"2025-11-21T19:18:26","date_gmt":"2025-11-21T19:18:26","guid":{"rendered":"https:\/\/siluettpood.ee\/?post_type=product&#038;p=9457"},"modified":"2025-12-12T19:03:27","modified_gmt":"2025-12-12T17:03:27","slug":"meriinovillane-ore-muts","status":"publish","type":"product","link":"https:\/\/siluettpood.ee\/et\/meriinovillane-ore-muts\/","title":{"rendered":"Meriinovillane Ore m\u00fcts"},"content":{"rendered":"<p>Kahekordselt kootud meriinovillane Ore m\u00fcts on meie valikus \u00fcks soojemaid m\u00fctse, mis hoolitseb su eest nii talvise pakasega kui tormituulisel s\u00fcgisel.<\/p>\n<p>Ore m\u00fcts sobib h\u00e4sti nii meestele kui naistele.<\/p>\n<p>Disainitud ja kootud Eestis.<\/p>\n<p><strong>Materjal:<\/strong>\u00a0100% meriinovillane l\u00f5ng<\/p>","protected":false},"excerpt":{"rendered":"<p>\u00c4RNI BLUM<\/p>","protected":false},"featured_media":9458,"template":"","meta":[],"product_brand":[],"product_cat":[77,55,42],"product_tag":[],"giftcard-category":[],"class_list":{"0":"post-9457","1":"product","2":"type-product","3":"status-publish","4":"has-post-thumbnail","6":"product_cat-arni-blum-4","7":"product_cat-headwear","8":"product_cat-women","10":"first","11":"instock","12":"featured","13":"shipping-taxable","14":"purchasable","15":"product-type-variable","16":"layout-style-6","17":"col-md-4 col-sm-4 col-xs-6","18":"col-lg-3","19":"product-has-gallery","20":"product-style-default"},"gallery_images":[9459],"_links":{"self":[{"href":"https:\/\/siluettpood.ee\/et\/wp-json\/wp\/v2\/product\/9457","targetHints":{"allow":["GET"]}}],"collection":[{"href":"https:\/\/siluettpood.ee\/et\/wp-json\/wp\/v2\/product"}],"about":[{"href":"https:\/\/siluettpood.ee\/et\/wp-json\/wp\/v2\/types\/product"}],"version-history":[{"count":1,"href":"https:\/\/siluettpood.ee\/et\/wp-json\/wp\/v2\/product\/9457\/revisions"}],"predecessor-version":[{"id":9461,"href":"https:\/\/siluettpood.ee\/et\/wp-json\/wp\/v2\/product\/9457\/revisions\/9461"}],"wp:featuredmedia":[{"embeddable":true,"href":"https:\/\/siluettpood.ee\/et\/wp-json\/wp\/v2\/media\/9458"}],"wp:attachment":[{"href":"https:\/\/siluettpood.ee\/et\/wp-json\/wp\/v2\/media?parent=9457"}],"wp:term":[{"taxonomy":"product_brand","embeddable":true,"href":"https:\/\/siluettpood.ee\/et\/wp-json\/wp\/v2\/product_brand?post=9457"},{"taxonomy":"product_cat","embeddable":true,"href":"https:\/\/siluettpood.ee\/et\/wp-json\/wp\/v2\/product_cat?post=9457"},{"taxonomy":"product_tag","embeddable":true,"href":"https:\/\/siluettpood.ee\/et\/wp-json\/wp\/v2\/product_tag?post=9457"},{"taxonomy":"giftcard-category","embeddable":true,"href":"https:\/\/siluettpood.ee\/et\/wp-json\/wp\/v2\/giftcard-category?post=9457"}],"curies":[{"name":"wp","href":"https:\/\/api.w.org\/{rel}","templated":true}]}}