{"id":9464,"date":"2025-11-21T19:25:42","date_gmt":"2025-11-21T19:25:42","guid":{"rendered":"https:\/\/siluettpood.ee\/?post_type=product&#038;p=9464"},"modified":"2025-11-21T19:25:42","modified_gmt":"2025-11-21T19:25:42","slug":"meriinovillane-uma-muts","status":"publish","type":"product","link":"https:\/\/siluettpood.ee\/et\/meriinovillane-uma-muts\/","title":{"rendered":"Meriinovillane Uma m\u00fcts"},"content":{"rendered":"<p>Meie 100% extra fine meriinovillast kootud kevad-s\u00fcgism\u00fcts Uma on ideaalne valik jahedateks hooaegadeks. Pehme ja hingav materjal tagab mugavuse, samal ajal hoides sooja. M\u00fctsil paikneb k\u00e4sitsi tikitud logo, mis lisab stiilse ja ainulaadse aktsendi igale riietusele. M\u00f5eldud nii naistele kui ka meestele ja miks mitte ka lastele.<\/p>\n<p>Disainitud ja kootud Eestis.<\/p>\n<p><strong>Materjal:<\/strong>\u00a0100% extra fine meriinovillane l\u00f5ng<\/p>","protected":false},"excerpt":{"rendered":"<p>\u00c4RNI BLUM<\/p>","protected":false},"featured_media":9466,"template":"","meta":[],"product_brand":[],"product_cat":[77,55],"product_tag":[],"giftcard-category":[],"class_list":{"0":"post-9464","1":"product","2":"type-product","3":"status-publish","4":"has-post-thumbnail","6":"product_cat-arni-blum-4","7":"product_cat-headwear","9":"first","10":"instock","11":"shipping-taxable","12":"purchasable","13":"product-type-variable","14":"layout-style-6","15":"col-md-4 col-sm-4 col-xs-6","16":"col-lg-3","17":"product-has-gallery","18":"product-style-default"},"gallery_images":[9467],"_links":{"self":[{"href":"https:\/\/siluettpood.ee\/et\/wp-json\/wp\/v2\/product\/9464","targetHints":{"allow":["GET"]}}],"collection":[{"href":"https:\/\/siluettpood.ee\/et\/wp-json\/wp\/v2\/product"}],"about":[{"href":"https:\/\/siluettpood.ee\/et\/wp-json\/wp\/v2\/types\/product"}],"version-history":[{"count":1,"href":"https:\/\/siluettpood.ee\/et\/wp-json\/wp\/v2\/product\/9464\/revisions"}],"predecessor-version":[{"id":9468,"href":"https:\/\/siluettpood.ee\/et\/wp-json\/wp\/v2\/product\/9464\/revisions\/9468"}],"wp:featuredmedia":[{"embeddable":true,"href":"https:\/\/siluettpood.ee\/et\/wp-json\/wp\/v2\/media\/9466"}],"wp:attachment":[{"href":"https:\/\/siluettpood.ee\/et\/wp-json\/wp\/v2\/media?parent=9464"}],"wp:term":[{"taxonomy":"product_brand","embeddable":true,"href":"https:\/\/siluettpood.ee\/et\/wp-json\/wp\/v2\/product_brand?post=9464"},{"taxonomy":"product_cat","embeddable":true,"href":"https:\/\/siluettpood.ee\/et\/wp-json\/wp\/v2\/product_cat?post=9464"},{"taxonomy":"product_tag","embeddable":true,"href":"https:\/\/siluettpood.ee\/et\/wp-json\/wp\/v2\/product_tag?post=9464"},{"taxonomy":"giftcard-category","embeddable":true,"href":"https:\/\/siluettpood.ee\/et\/wp-json\/wp\/v2\/giftcard-category?post=9464"}],"curies":[{"name":"wp","href":"https:\/\/api.w.org\/{rel}","templated":true}]}}