{"id":9479,"date":"2025-11-21T19:58:45","date_gmt":"2025-11-21T19:58:45","guid":{"rendered":"https:\/\/siluettpood.ee\/?post_type=product&#038;p=9479"},"modified":"2025-11-21T19:58:45","modified_gmt":"2025-11-21T19:58:45","slug":"meriinovillane-balaclava-2","status":"publish","type":"product","link":"https:\/\/siluettpood.ee\/et\/meriinovillane-balaclava-2\/","title":{"rendered":"Meriinovillane Balaclava"},"content":{"rendered":"<p>Meriinovillane kootud Balaclava on justkui m\u00fcts ja sall \u00fches v\u00f5i on tegu hoopis kapuutsiga? Tuukrim\u00fctsiga? Heal lapsel mitu nime. Igaljuhul on seda kandes garanteeritud \u00fclim\u00f5nus, soe ja pilkup\u00fc\u00fcdev olek. Lisa oma v\u00e4limusele tibakene g\u00e4ngsterilikkust selle imetoreda Balaclavaga.<\/p>\n<p>Disainitud ja k\u00e4sit\u00f6\u00f6na valminud Eestis, Saaremaal.<\/p>\n<p>&nbsp;<\/p>\n<p><strong>Materjal:<\/strong>\u00a0<em>100% extra fine<\/em>\u00a0meriinovill<\/p>","protected":false},"excerpt":{"rendered":"<p>\u00c4RNI BLUM<\/p>","protected":false},"featured_media":9480,"template":"","meta":[],"product_brand":[],"product_cat":[77,55,42],"product_tag":[],"giftcard-category":[],"class_list":{"0":"post-9479","1":"product","2":"type-product","3":"status-publish","4":"has-post-thumbnail","6":"product_cat-arni-blum-4","7":"product_cat-headwear","8":"product_cat-women","10":"first","11":"instock","12":"shipping-taxable","13":"purchasable","14":"product-type-variable","15":"layout-style-6","16":"col-md-4 col-sm-4 col-xs-6","17":"col-lg-3","18":"product-has-gallery","19":"product-style-default"},"gallery_images":[9481],"_links":{"self":[{"href":"https:\/\/siluettpood.ee\/et\/wp-json\/wp\/v2\/product\/9479","targetHints":{"allow":["GET"]}}],"collection":[{"href":"https:\/\/siluettpood.ee\/et\/wp-json\/wp\/v2\/product"}],"about":[{"href":"https:\/\/siluettpood.ee\/et\/wp-json\/wp\/v2\/types\/product"}],"version-history":[{"count":1,"href":"https:\/\/siluettpood.ee\/et\/wp-json\/wp\/v2\/product\/9479\/revisions"}],"predecessor-version":[{"id":9483,"href":"https:\/\/siluettpood.ee\/et\/wp-json\/wp\/v2\/product\/9479\/revisions\/9483"}],"wp:featuredmedia":[{"embeddable":true,"href":"https:\/\/siluettpood.ee\/et\/wp-json\/wp\/v2\/media\/9480"}],"wp:attachment":[{"href":"https:\/\/siluettpood.ee\/et\/wp-json\/wp\/v2\/media?parent=9479"}],"wp:term":[{"taxonomy":"product_brand","embeddable":true,"href":"https:\/\/siluettpood.ee\/et\/wp-json\/wp\/v2\/product_brand?post=9479"},{"taxonomy":"product_cat","embeddable":true,"href":"https:\/\/siluettpood.ee\/et\/wp-json\/wp\/v2\/product_cat?post=9479"},{"taxonomy":"product_tag","embeddable":true,"href":"https:\/\/siluettpood.ee\/et\/wp-json\/wp\/v2\/product_tag?post=9479"},{"taxonomy":"giftcard-category","embeddable":true,"href":"https:\/\/siluettpood.ee\/et\/wp-json\/wp\/v2\/giftcard-category?post=9479"}],"curies":[{"name":"wp","href":"https:\/\/api.w.org\/{rel}","templated":true}]}}