{"id":9727,"date":"2025-12-11T19:54:34","date_gmt":"2025-12-11T17:54:34","guid":{"rendered":"https:\/\/siluettpood.ee\/?post_type=product&#038;p=9727"},"modified":"2025-12-11T19:54:34","modified_gmt":"2025-12-11T17:54:34","slug":"mohaarist-aino-sall-valge","status":"publish","type":"product","link":"https:\/\/siluettpood.ee\/et\/mohaarist-aino-sall-valge\/","title":{"rendered":"Moh\u00e4\u00e4rist Aino sall &#8211; Valge"},"content":{"rendered":"<p>Luksuslikust Jaapani siidmoh\u00e4\u00e4rist kootud Aino kolmnurksall on stiilne aksessuaar ja praktiline sall \u00fches. Selle kandmisv\u00f5imalused on t\u00f5epoolest piiramatud \u2013 m\u00e4ssi see pear\u00e4tiks, seo kaela kui elegantne pioneerir\u00e4tt v\u00f5i kasuta juukseaksessuaarina. Piirid seab vaid sinu kujutlusv\u00f5ime!<\/p>\n<p>Pisike ja kerge, kuid \u00fcllatavalt soe Aino sall on valmistatud pehmest ja hingavast moh\u00e4\u00e4rist, pakkudes luksuslikku mugavust ka k\u00f5ige tundlikumale nahale. Ajatu disain ja mitmek\u00fclgsus teevad sellest aksessuaari, mis lisab igale p\u00e4evale sooja ja hooliva puudutuse.<\/p>\n<p>Disainitud ja kootud Eestis, Saaremaal.<\/p>\n<p><strong>Materjal:<\/strong>\u00a065% moh\u00e4\u00e4r, 35% siid<\/p>","protected":false},"excerpt":{"rendered":"<p>\u00c4RNI BLUM<\/p>","protected":false},"featured_media":9728,"template":"","meta":[],"product_brand":[],"product_cat":[77,30,55,42],"product_tag":[],"giftcard-category":[],"class_list":{"0":"post-9727","1":"product","2":"type-product","3":"status-publish","4":"has-post-thumbnail","6":"product_cat-arni-blum-4","7":"product_cat-accessories","8":"product_cat-headwear","9":"product_cat-women","11":"first","12":"instock","13":"shipping-taxable","14":"purchasable","15":"product-type-variable","16":"layout-style-6","17":"col-md-4 col-sm-4 col-xs-6","18":"col-lg-3","19":"product-has-gallery","20":"product-style-default"},"gallery_images":[9729],"_links":{"self":[{"href":"https:\/\/siluettpood.ee\/et\/wp-json\/wp\/v2\/product\/9727","targetHints":{"allow":["GET"]}}],"collection":[{"href":"https:\/\/siluettpood.ee\/et\/wp-json\/wp\/v2\/product"}],"about":[{"href":"https:\/\/siluettpood.ee\/et\/wp-json\/wp\/v2\/types\/product"}],"version-history":[{"count":0,"href":"https:\/\/siluettpood.ee\/et\/wp-json\/wp\/v2\/product\/9727\/revisions"}],"wp:featuredmedia":[{"embeddable":true,"href":"https:\/\/siluettpood.ee\/et\/wp-json\/wp\/v2\/media\/9728"}],"wp:attachment":[{"href":"https:\/\/siluettpood.ee\/et\/wp-json\/wp\/v2\/media?parent=9727"}],"wp:term":[{"taxonomy":"product_brand","embeddable":true,"href":"https:\/\/siluettpood.ee\/et\/wp-json\/wp\/v2\/product_brand?post=9727"},{"taxonomy":"product_cat","embeddable":true,"href":"https:\/\/siluettpood.ee\/et\/wp-json\/wp\/v2\/product_cat?post=9727"},{"taxonomy":"product_tag","embeddable":true,"href":"https:\/\/siluettpood.ee\/et\/wp-json\/wp\/v2\/product_tag?post=9727"},{"taxonomy":"giftcard-category","embeddable":true,"href":"https:\/\/siluettpood.ee\/et\/wp-json\/wp\/v2\/giftcard-category?post=9727"}],"curies":[{"name":"wp","href":"https:\/\/api.w.org\/{rel}","templated":true}]}}